{"id":245,"date":"2025-11-13T10:25:36","date_gmt":"2025-11-13T10:25:36","guid":{"rendered":"https:\/\/phoenixaerospace.eu\/privacy-policy\/"},"modified":"2025-11-14T12:59:39","modified_gmt":"2025-11-14T12:59:39","slug":"privacy-policy","status":"publish","type":"page","link":"https:\/\/phoenixaerospace.eu\/en\/privacy-policy\/","title":{"rendered":"Privacy Policy"},"content":{"rendered":"<h3>INTRODUCCI\u00d3N<\/h3>\n<p>En Phoenix Aerospace, sensibilizados con las necesidades de los usuarios de Internet y conscientes de la importancia de la rigurosa privacidad de la informaci\u00f3n personal que nos conf\u00edan, incluimos esta declaraci\u00f3n de privacidad con el objeto de que seas consciente de la pol\u00edtica en el tratamiento de los datos personales que obtiene de sus visitantes y usuarios.<\/p><p>Como usuario, aceptas estas condiciones por el mero hecho de leer, visualizar o navegar en el sitio. De no aceptarlas, debes abandonar el sitio, sin hacer uso alguno de \u00e9l y su contenido, y sin acceder a las p\u00e1ginas enlazadas.<\/p>\n<h3 id='responsable'>RESPONSABLE DEL TRATAMIENTO DE DATOS<\/h3>\n<p>El titular del sitio y responsable del tratamiento de datos es Phoenix Aerospace SL, con CIF B10853919, para contactar puedes utilizar la direcci\u00f3n de correo electr\u00f3nico <a href=\"mailto:&#102;&#114;%61%6e&#46;&#115;&#115;%6d&#64;&#112;&#104;o&#101;&#110;%69&#120;&#97;&#101;r&#111;&#115;%70%61ce&#46;%65u\">&#102;&#114;an&#46;s&#115;&#109;&#64;&#112;&#104;oe&#110;&#105;&#120;&#97;&#101;ros&#112;ac&#101;.&#101;u<\/a>, el tel\u00e9fono <a href=\"tel:+34925513844\" title=\"telephone\">+34925513844<\/a> o correo postal a Calle Febrero 41, c\u00f3digo postal 28022 de Madrid.<\/p>\n<h3 id='finalidad'>FINALIDAD DEL TRATAMIENTO DE DATOS<\/h3>\n<p>En nuestros sitios web, existen unos apartados espec\u00edficos donde puedes anotar tus datos para recibir informaci\u00f3n sobre actualizaciones de nuestra web y de algunos los programas que se distribuyen. Nosotros te aseguramos que la informaci\u00f3n que nos facilites ser\u00e1 gestionada de forma totalmente confidencial.<\/p><p>Los datos se almacenar\u00e1n mientras exista previsi\u00f3n de su uso para el fin por el que fueron recabados.<\/p><p>No se realizan tomas de decisiones automatizadas con tus datos.<\/p><p>La web puede utilizar cookies, consulta nuestra <a href=\"https:\/\/phoenixaerospace.eu\/politica-de-cookies\/\">pol\u00edtica de cookies<\/a>.<\/p>\n<h3 id='legitimacion'>LEGITIMACI\u00d3N DEL TRATAMIENTO DE DATOS<\/h3>\n<p>El uso de tus datos se realiza porque nos das tu consentimiento para usar los que nos proporcionas en los formularios para un uso espec\u00edfico que se indica en cada uno de ellos. Tus datos solo son necesarios para los usos concretos por los que se te solicitan, si no nos los facilitas, esos servicios no son posibles.<\/p>\n<h3 id='transferencia'>TRANSFERENCIAS Y CESIONES DE DATOS<\/h3>\n<p>Existe un compromiso firme por nuestra parte de que los datos que proporcione a Phoenix Aerospace, no ser\u00e1n vendidos ni cedidos a terceras personas sin el previo consentimiento del interesado bajo ning\u00fan concepto o circunstancia, salvo consentimiento expreso u obligaci\u00f3n legal.<\/p><p>Nuestro sitio web contiene enlaces hacia sitios web de terceros. Phoenix Aerospace no se hace responsable por las pol\u00edticas y pr\u00e1cticas de privacidad de estos otros sitios.<\/p>\n<h3 id='derechos'>DERECHOS DE LOS INTERESADOS<\/h3>\n<p>Tienes el derecho de acceder a la informaci\u00f3n que sobre tu persona est\u00e1 almacenada en nuestras bases de datos, rectificarla si existiera alguna errata, suprimirla, limitarla, oponerte a su tratamiento y retirar tu consentimiento si ese es tu deseo. Para ello simplemente debes escribir un e-mail a la direcci\u00f3n de correo electr\u00f3nico <a href=\"mailto:%66%72an%2es&#115;m%40&#112;&#104;%6fe&#110;i%78&#97;%65&#114;%6fsp&#97;c%65&#46;eu\">f&#114;&#97;n.&#115;&#115;m&#64;&#112;&#104;&#111;&#101;&#110;ixaer&#111;sp&#97;&#99;e.e&#117;<\/a> donde te atenderemos gustosamente cualquier consulta, comentario o aclaraci\u00f3n requerida al respecto.<\/p><p>Para mayor informaci\u00f3n sobre temas relacionados, el sitio de referencia en la Red espa\u00f1ola es la <a href=\"https:\/\/www.agpd.es\/\">Agencia de Protecci\u00f3n de Datos<\/a>, donde tienes derecho a reclamar.<\/p>\n\n\r\n","protected":false},"excerpt":{"rendered":"","protected":false},"author":1,"featured_media":0,"parent":0,"menu_order":0,"comment_status":"closed","ping_status":"closed","template":"","meta":{"_monsterinsights_skip_tracking":false,"_monsterinsights_sitenote_active":false,"_monsterinsights_sitenote_note":"","_monsterinsights_sitenote_category":0,"footnotes":""},"class_list":["post-245","page","type-page","status-publish","hentry"],"yoast_head":"<!-- This site is optimized with the Yoast SEO plugin v27.2 - https:\/\/yoast.com\/product\/yoast-seo-wordpress\/ -->\n<title>Privacy Policy - Phoenix Aerospace<\/title>\n<meta name=\"robots\" content=\"index, follow, max-snippet:-1, max-image-preview:large, max-video-preview:-1\" \/>\n<link rel=\"canonical\" href=\"https:\/\/phoenixaerospace.eu\/en\/privacy-policy\/\" \/>\n<meta property=\"og:locale\" content=\"en_US\" \/>\n<meta property=\"og:type\" content=\"article\" \/>\n<meta property=\"og:title\" content=\"Privacy Policy - Phoenix Aerospace\" \/>\n<meta property=\"og:url\" content=\"https:\/\/phoenixaerospace.eu\/en\/privacy-policy\/\" \/>\n<meta property=\"og:site_name\" content=\"Phoenix Aerospace\" \/>\n<meta property=\"article:modified_time\" content=\"2025-11-14T12:59:39+00:00\" \/>\n<meta name=\"twitter:card\" content=\"summary_large_image\" \/>\n<script type=\"application\/ld+json\" class=\"yoast-schema-graph\">{\"@context\":\"https:\/\/schema.org\",\"@graph\":[{\"@type\":\"WebPage\",\"@id\":\"https:\/\/phoenixaerospace.eu\/en\/privacy-policy\/\",\"url\":\"https:\/\/phoenixaerospace.eu\/en\/privacy-policy\/\",\"name\":\"Privacy Policy - Phoenix Aerospace\",\"isPartOf\":{\"@id\":\"https:\/\/phoenixaerospace.eu\/en\/#website\"},\"datePublished\":\"2025-11-13T10:25:36+00:00\",\"dateModified\":\"2025-11-14T12:59:39+00:00\",\"breadcrumb\":{\"@id\":\"https:\/\/phoenixaerospace.eu\/en\/privacy-policy\/#breadcrumb\"},\"inLanguage\":\"en-US\",\"potentialAction\":[{\"@type\":\"ReadAction\",\"target\":[\"https:\/\/phoenixaerospace.eu\/en\/privacy-policy\/\"]}]},{\"@type\":\"BreadcrumbList\",\"@id\":\"https:\/\/phoenixaerospace.eu\/en\/privacy-policy\/#breadcrumb\",\"itemListElement\":[{\"@type\":\"ListItem\",\"position\":1,\"name\":\"Portada\",\"item\":\"https:\/\/phoenixaerospace.eu\/en\/home\/\"},{\"@type\":\"ListItem\",\"position\":2,\"name\":\"Privacy Policy\"}]},{\"@type\":\"WebSite\",\"@id\":\"https:\/\/phoenixaerospace.eu\/en\/#website\",\"url\":\"https:\/\/phoenixaerospace.eu\/en\/\",\"name\":\"Phoenix Aerospace\",\"description\":\"\",\"publisher\":{\"@id\":\"https:\/\/phoenixaerospace.eu\/en\/#organization\"},\"potentialAction\":[{\"@type\":\"SearchAction\",\"target\":{\"@type\":\"EntryPoint\",\"urlTemplate\":\"https:\/\/phoenixaerospace.eu\/en\/?s={search_term_string}\"},\"query-input\":{\"@type\":\"PropertyValueSpecification\",\"valueRequired\":true,\"valueName\":\"search_term_string\"}}],\"inLanguage\":\"en-US\"},{\"@type\":\"Organization\",\"@id\":\"https:\/\/phoenixaerospace.eu\/en\/#organization\",\"name\":\"Phoenix Aerospace\",\"url\":\"https:\/\/phoenixaerospace.eu\/en\/\",\"logo\":{\"@type\":\"ImageObject\",\"inLanguage\":\"en-US\",\"@id\":\"https:\/\/phoenixaerospace.eu\/en\/#\/schema\/logo\/image\/\",\"url\":\"https:\/\/phoenixaerospace.eu\/wp-content\/uploads\/2025\/11\/logo.png\",\"contentUrl\":\"https:\/\/phoenixaerospace.eu\/wp-content\/uploads\/2025\/11\/logo.png\",\"width\":455,\"height\":123,\"caption\":\"Phoenix Aerospace\"},\"image\":{\"@id\":\"https:\/\/phoenixaerospace.eu\/en\/#\/schema\/logo\/image\/\"}}]}<\/script>\n<!-- \/ Yoast SEO plugin. -->","yoast_head_json":{"title":"Privacy Policy - Phoenix Aerospace","robots":{"index":"index","follow":"follow","max-snippet":"max-snippet:-1","max-image-preview":"max-image-preview:large","max-video-preview":"max-video-preview:-1"},"canonical":"https:\/\/phoenixaerospace.eu\/en\/privacy-policy\/","og_locale":"en_US","og_type":"article","og_title":"Privacy Policy - Phoenix Aerospace","og_url":"https:\/\/phoenixaerospace.eu\/en\/privacy-policy\/","og_site_name":"Phoenix Aerospace","article_modified_time":"2025-11-14T12:59:39+00:00","twitter_card":"summary_large_image","schema":{"@context":"https:\/\/schema.org","@graph":[{"@type":"WebPage","@id":"https:\/\/phoenixaerospace.eu\/en\/privacy-policy\/","url":"https:\/\/phoenixaerospace.eu\/en\/privacy-policy\/","name":"Privacy Policy - Phoenix Aerospace","isPartOf":{"@id":"https:\/\/phoenixaerospace.eu\/en\/#website"},"datePublished":"2025-11-13T10:25:36+00:00","dateModified":"2025-11-14T12:59:39+00:00","breadcrumb":{"@id":"https:\/\/phoenixaerospace.eu\/en\/privacy-policy\/#breadcrumb"},"inLanguage":"en-US","potentialAction":[{"@type":"ReadAction","target":["https:\/\/phoenixaerospace.eu\/en\/privacy-policy\/"]}]},{"@type":"BreadcrumbList","@id":"https:\/\/phoenixaerospace.eu\/en\/privacy-policy\/#breadcrumb","itemListElement":[{"@type":"ListItem","position":1,"name":"Portada","item":"https:\/\/phoenixaerospace.eu\/en\/home\/"},{"@type":"ListItem","position":2,"name":"Privacy Policy"}]},{"@type":"WebSite","@id":"https:\/\/phoenixaerospace.eu\/en\/#website","url":"https:\/\/phoenixaerospace.eu\/en\/","name":"Phoenix Aerospace","description":"","publisher":{"@id":"https:\/\/phoenixaerospace.eu\/en\/#organization"},"potentialAction":[{"@type":"SearchAction","target":{"@type":"EntryPoint","urlTemplate":"https:\/\/phoenixaerospace.eu\/en\/?s={search_term_string}"},"query-input":{"@type":"PropertyValueSpecification","valueRequired":true,"valueName":"search_term_string"}}],"inLanguage":"en-US"},{"@type":"Organization","@id":"https:\/\/phoenixaerospace.eu\/en\/#organization","name":"Phoenix Aerospace","url":"https:\/\/phoenixaerospace.eu\/en\/","logo":{"@type":"ImageObject","inLanguage":"en-US","@id":"https:\/\/phoenixaerospace.eu\/en\/#\/schema\/logo\/image\/","url":"https:\/\/phoenixaerospace.eu\/wp-content\/uploads\/2025\/11\/logo.png","contentUrl":"https:\/\/phoenixaerospace.eu\/wp-content\/uploads\/2025\/11\/logo.png","width":455,"height":123,"caption":"Phoenix Aerospace"},"image":{"@id":"https:\/\/phoenixaerospace.eu\/en\/#\/schema\/logo\/image\/"}}]}},"_links":{"self":[{"href":"https:\/\/phoenixaerospace.eu\/en\/wp-json\/wp\/v2\/pages\/245","targetHints":{"allow":["GET"]}}],"collection":[{"href":"https:\/\/phoenixaerospace.eu\/en\/wp-json\/wp\/v2\/pages"}],"about":[{"href":"https:\/\/phoenixaerospace.eu\/en\/wp-json\/wp\/v2\/types\/page"}],"author":[{"embeddable":true,"href":"https:\/\/phoenixaerospace.eu\/en\/wp-json\/wp\/v2\/users\/1"}],"replies":[{"embeddable":true,"href":"https:\/\/phoenixaerospace.eu\/en\/wp-json\/wp\/v2\/comments?post=245"}],"version-history":[{"count":1,"href":"https:\/\/phoenixaerospace.eu\/en\/wp-json\/wp\/v2\/pages\/245\/revisions"}],"predecessor-version":[{"id":246,"href":"https:\/\/phoenixaerospace.eu\/en\/wp-json\/wp\/v2\/pages\/245\/revisions\/246"}],"wp:attachment":[{"href":"https:\/\/phoenixaerospace.eu\/en\/wp-json\/wp\/v2\/media?parent=245"}],"curies":[{"name":"wp","href":"https:\/\/api.w.org\/{rel}","templated":true}]}}